{"id":1565,"date":"2021-06-01T23:25:01","date_gmt":"2021-06-01T23:25:01","guid":{"rendered":"https:\/\/tunap.cl\/?post_type=product&#038;p=1565"},"modified":"2024-12-16T15:34:36","modified_gmt":"2024-12-16T15:34:36","slug":"99711-sonda-fap-de-4mm-frontal","status":"publish","type":"product","link":"https:\/\/tunap.cl\/index.php\/product\/99711-sonda-fap-de-4mm-frontal\/","title":{"rendered":"99711 Sonda FAP de 4mm frontal"},"content":{"rendered":"<p>Sonda para su uso espec\u00edfico con la pistola de pulverizaci\u00f3n de presi\u00f3n 99320. La sonda es perfecta<br \/>\npara la limpieza de filtros de part\u00edculas di\u00e9sel con microflex\u00ae 931\/932.<\/p>\n","protected":false},"excerpt":{"rendered":"<p>Propiedades<br \/>\n\u2714\u2714 Sonda r\u00edgida<br \/>\n\u2714\u2714 4 mm de di\u00e1metro<br \/>\n\u2714\u2714 Chorro de spray frontal<br \/>\n\u2714\u2714<br \/>\n\u00c1rea de aplicaci\u00f3n<br \/>\n\u2714\u2714<br \/>\n\u2714\u2714<\/p>\n","protected":false},"featured_media":1680,"comment_status":"open","ping_status":"closed","template":"","meta":[],"product_brand":[],"product_cat":[15],"product_tag":[36],"class_list":{"0":"post-1565","1":"product","2":"type-product","3":"status-publish","4":"has-post-thumbnail","6":"product_cat-uncategorized","7":"product_tag-limpieza-filtros","9":"first","10":"instock","11":"shipping-taxable","12":"purchasable","13":"product-type-simple"},"_links":{"self":[{"href":"https:\/\/tunap.cl\/index.php\/wp-json\/wp\/v2\/product\/1565","targetHints":{"allow":["GET"]}}],"collection":[{"href":"https:\/\/tunap.cl\/index.php\/wp-json\/wp\/v2\/product"}],"about":[{"href":"https:\/\/tunap.cl\/index.php\/wp-json\/wp\/v2\/types\/product"}],"replies":[{"embeddable":true,"href":"https:\/\/tunap.cl\/index.php\/wp-json\/wp\/v2\/comments?post=1565"}],"wp:featuredmedia":[{"embeddable":true,"href":"https:\/\/tunap.cl\/index.php\/wp-json\/wp\/v2\/media\/1680"}],"wp:attachment":[{"href":"https:\/\/tunap.cl\/index.php\/wp-json\/wp\/v2\/media?parent=1565"}],"wp:term":[{"taxonomy":"product_brand","embeddable":true,"href":"https:\/\/tunap.cl\/index.php\/wp-json\/wp\/v2\/product_brand?post=1565"},{"taxonomy":"product_cat","embeddable":true,"href":"https:\/\/tunap.cl\/index.php\/wp-json\/wp\/v2\/product_cat?post=1565"},{"taxonomy":"product_tag","embeddable":true,"href":"https:\/\/tunap.cl\/index.php\/wp-json\/wp\/v2\/product_tag?post=1565"}],"curies":[{"name":"wp","href":"https:\/\/api.w.org\/{rel}","templated":true}]}}