{"id":1573,"date":"2021-06-01T23:38:26","date_gmt":"2021-06-01T23:38:26","guid":{"rendered":"https:\/\/tunap.cl\/?post_type=product&#038;p=1573"},"modified":"2024-12-16T15:35:16","modified_gmt":"2024-12-16T15:35:16","slug":"925-limpiador-del-sistema-egr","status":"publish","type":"product","link":"https:\/\/tunap.cl\/index.php\/product\/925-limpiador-del-sistema-egr\/","title":{"rendered":"925 Limpiador del sistema EGR"},"content":{"rendered":"<p>La nueva tecnolog\u00eda XFoam disuelve muy r\u00e1pido la contaminaci\u00f3n m\u00e1s resistente en los sistemas de<br \/>\nadmisi\u00f3n y escape. Sus magn\u00edficas propiedades de humectaci\u00f3n garantizan un tiempo de actuaci\u00f3n<br \/>\ncorto, excelente eliminaci\u00f3n de la suciedad y un drenaje extraordinario. Perfecto para limpiar los componentes<br \/>\nm\u00e1s grandes de sistemas de admisi\u00f3n y escape.<\/p>\n","protected":false},"excerpt":{"rendered":"<p>Tecnolog\u00eda XFoam<br \/>\n\u2714\u2714 Volumen de l\u00edquido 5 veces mayor gracias a la formaci\u00f3n de espuma<br \/>\n\u2714\u2714 Muy buena humectaci\u00f3n de las superficies<br \/>\n\u2714\u2714 Tiempo de actuaci\u00f3n \u00f3ptimo<br \/>\n\u2714\u2714 Excelentes propiedades de drenaje<br \/>\nPropiedades<br \/>\n\u2714\u2714 Efecto de limpieza excelente ante los residuos de carbonilla<br \/>\n\u2714\u2714 Sin disolvente<br \/>\n\u2714\u2714 No inflamable<br \/>\n\u00c1rea de aplicaci\u00f3n<br \/>\n\u2714\u2714 Perfecto para la limpieza de componentes grandes en los sistemas de admisi\u00f3n y escape,<br \/>\npor ejemplo, el colector de admisi\u00f3n y el radiador EGR<br \/>\nInstrucciones<br \/>\nAntes de aplicar el producto, consulte la informaci\u00f3n de servicio SI 925. Aplique el producto<br \/>\nexclusivamente con la pistola de pulverizaci\u00f3n de presi\u00f3n EGR 19310.<br \/>\nAviso<br \/>\n\u2714\u2714 Util\u00edcelo \u00fanicamente en exteriores o en \u00e1reas bien ventiladas.<br \/>\n\u2714\u2714 Debe llevar guantes de protecci\u00f3n\/traje de protecci\u00f3n\/protector ocular\/protector facial.<\/p>\n","protected":false},"featured_media":2007,"comment_status":"open","ping_status":"closed","template":"","meta":[],"product_brand":[],"product_cat":[15],"product_tag":[40],"class_list":{"0":"post-1573","1":"product","2":"type-product","3":"status-publish","4":"has-post-thumbnail","6":"product_cat-uncategorized","7":"product_tag-limpieza-admision-y-escape","9":"first","10":"instock","11":"shipping-taxable","12":"purchasable","13":"product-type-simple"},"_links":{"self":[{"href":"https:\/\/tunap.cl\/index.php\/wp-json\/wp\/v2\/product\/1573","targetHints":{"allow":["GET"]}}],"collection":[{"href":"https:\/\/tunap.cl\/index.php\/wp-json\/wp\/v2\/product"}],"about":[{"href":"https:\/\/tunap.cl\/index.php\/wp-json\/wp\/v2\/types\/product"}],"replies":[{"embeddable":true,"href":"https:\/\/tunap.cl\/index.php\/wp-json\/wp\/v2\/comments?post=1573"}],"wp:featuredmedia":[{"embeddable":true,"href":"https:\/\/tunap.cl\/index.php\/wp-json\/wp\/v2\/media\/2007"}],"wp:attachment":[{"href":"https:\/\/tunap.cl\/index.php\/wp-json\/wp\/v2\/media?parent=1573"}],"wp:term":[{"taxonomy":"product_brand","embeddable":true,"href":"https:\/\/tunap.cl\/index.php\/wp-json\/wp\/v2\/product_brand?post=1573"},{"taxonomy":"product_cat","embeddable":true,"href":"https:\/\/tunap.cl\/index.php\/wp-json\/wp\/v2\/product_cat?post=1573"},{"taxonomy":"product_tag","embeddable":true,"href":"https:\/\/tunap.cl\/index.php\/wp-json\/wp\/v2\/product_tag?post=1573"}],"curies":[{"name":"wp","href":"https:\/\/api.w.org\/{rel}","templated":true}]}}