{"id":1579,"date":"2021-06-01T23:46:46","date_gmt":"2021-06-01T23:46:46","guid":{"rendered":"https:\/\/tunap.cl\/?post_type=product&#038;p=1579"},"modified":"2024-12-16T15:26:59","modified_gmt":"2024-12-16T15:26:59","slug":"19312-sonda-de-pistola-de-pulverizacion-de-presion-egr","status":"publish","type":"product","link":"https:\/\/tunap.cl\/index.php\/product\/19312-sonda-de-pistola-de-pulverizacion-de-presion-egr\/","title":{"rendered":"19312 Sonda de pistola de pulverizaci\u00f3n de presi\u00f3n EGR"},"content":{"rendered":"<p>Sonda especial para la aplicaci\u00f3n con el limpiador del sistema de recirculaci\u00f3n 925. Para su uso con la<br \/>\npistola de pulverizaci\u00f3n de presi\u00f3n EGR 1619310. Con la sonda EGR de 5 mm expresamente dise\u00f1ada<br \/>\npara la aplicaci\u00f3n, se puede llegar a la contaminaci\u00f3n presente en componentes con geometr\u00edas complicadas.<\/p>\n","protected":false},"excerpt":{"rendered":"<p>Propiedades<br \/>\n\u2714\u2714 &#8211; Ofrece un resultado \u00f3ptimo de la espuma (X Foam Technology)<br \/>\n\u2714\u2714 &#8211; Solo para uso con la pistola de pulverizaci\u00f3n de presi\u00f3n EGR 1619310<br \/>\n\u00c1rea de aplicaci\u00f3n<br \/>\n\u2714\u2714 Para la limpieza de los componentes m\u00e1s grandes en los sistemas de admisi\u00f3n y escape.<br \/>\nInstrucciones<br \/>\nConsulte la informaci\u00f3n de servicio SI 925.<\/p>\n","protected":false},"featured_media":1676,"comment_status":"open","ping_status":"closed","template":"","meta":[],"product_brand":[],"product_cat":[15],"product_tag":[40],"class_list":{"0":"post-1579","1":"product","2":"type-product","3":"status-publish","4":"has-post-thumbnail","6":"product_cat-uncategorized","7":"product_tag-limpieza-admision-y-escape","9":"first","10":"instock","11":"shipping-taxable","12":"purchasable","13":"product-type-simple"},"_links":{"self":[{"href":"https:\/\/tunap.cl\/index.php\/wp-json\/wp\/v2\/product\/1579","targetHints":{"allow":["GET"]}}],"collection":[{"href":"https:\/\/tunap.cl\/index.php\/wp-json\/wp\/v2\/product"}],"about":[{"href":"https:\/\/tunap.cl\/index.php\/wp-json\/wp\/v2\/types\/product"}],"replies":[{"embeddable":true,"href":"https:\/\/tunap.cl\/index.php\/wp-json\/wp\/v2\/comments?post=1579"}],"wp:featuredmedia":[{"embeddable":true,"href":"https:\/\/tunap.cl\/index.php\/wp-json\/wp\/v2\/media\/1676"}],"wp:attachment":[{"href":"https:\/\/tunap.cl\/index.php\/wp-json\/wp\/v2\/media?parent=1579"}],"wp:term":[{"taxonomy":"product_brand","embeddable":true,"href":"https:\/\/tunap.cl\/index.php\/wp-json\/wp\/v2\/product_brand?post=1579"},{"taxonomy":"product_cat","embeddable":true,"href":"https:\/\/tunap.cl\/index.php\/wp-json\/wp\/v2\/product_cat?post=1579"},{"taxonomy":"product_tag","embeddable":true,"href":"https:\/\/tunap.cl\/index.php\/wp-json\/wp\/v2\/product_tag?post=1579"}],"curies":[{"name":"wp","href":"https:\/\/api.w.org\/{rel}","templated":true}]}}