{"id":1592,"date":"2021-06-13T02:06:42","date_gmt":"2021-06-13T02:06:42","guid":{"rendered":"https:\/\/tunap.cl\/?post_type=product&#038;p=1592"},"modified":"2024-12-16T15:15:56","modified_gmt":"2024-12-16T15:15:56","slug":"104-cuidado-para-interior","status":"publish","type":"product","link":"https:\/\/tunap.cl\/index.php\/product\/104-cuidado-para-interior\/","title":{"rendered":"104 Cuidado para interior"},"content":{"rendered":"<p>Protecci\u00f3n de habit\u00e1culo y los cinturones. Protector de superficies 100 % sint\u00e9tico con microfilm lubricante.<br \/>\nEs antiest\u00e1tico y protege de rayos UVA, tambi\u00e9n en pl\u00e1stico y goma. Las part\u00edculas lubricantes<br \/>\ncrean una capa en las superficies y devuelven la fluidez a los cinturones. Efecto satinado sin residuos<br \/>\ngrasos, pegajosos o brillantes.<\/p>\n","protected":false},"excerpt":{"rendered":"<p>Propiedades<br \/>\n\u2714\u2714 Reduce la fricci\u00f3n mediante una protecci\u00f3n antideslizante sin grasa y con efecto satinado<br \/>\n\u2714\u2714 Limpia y retrasa eficazmente la nueva acumulaci\u00f3n de suciedad y polvo<br \/>\n\u2714\u2714 Evita la decoloraci\u00f3n de los pl\u00e1sticos y su efecto gris\u00e1ceo mediante protecci\u00f3n anti UVA<br \/>\n\u2714\u2714 Regenera pl\u00e1sticos estropeados<br \/>\n\u2714\u2714 Compatible con todos los materiales de pl\u00e1stico habituales<br \/>\n\u2714\u2714 No mancha los tejidos (respete la distancia de pulverizaci\u00f3n)<br \/>\n\u2714\u2714 Agradable aroma a cerezo silvestre<br \/>\n\u00c1rea de aplicaci\u00f3n<br \/>\n\u2714\u2714 Cuidado de piezas de pl\u00e1stico del habit\u00e1culo<br \/>\n\u2714\u2714 Cuidado de los cinturones de seguridad<br \/>\n\u2714\u2714 En caso de ruidos en el habit\u00e1culo del veh\u00edculo (chirridos, chasquidos y crujidos)<br \/>\n\u2714\u2714 Gu\u00edas de ventanas atascadas<br \/>\nInstrucciones<br \/>\nMantenga una distancia de seguridad de 30 cm cuando pulverice cinturones de seguridad y<br \/>\npl\u00e1sticos sensibles.<\/p>\n","protected":false},"featured_media":1992,"comment_status":"open","ping_status":"closed","template":"","meta":[],"product_brand":[],"product_cat":[15],"product_tag":[42],"class_list":{"0":"post-1592","1":"product","2":"type-product","3":"status-publish","4":"has-post-thumbnail","6":"product_cat-uncategorized","7":"product_tag-cuidado-interior","9":"first","10":"instock","11":"shipping-taxable","12":"purchasable","13":"product-type-simple"},"_links":{"self":[{"href":"https:\/\/tunap.cl\/index.php\/wp-json\/wp\/v2\/product\/1592","targetHints":{"allow":["GET"]}}],"collection":[{"href":"https:\/\/tunap.cl\/index.php\/wp-json\/wp\/v2\/product"}],"about":[{"href":"https:\/\/tunap.cl\/index.php\/wp-json\/wp\/v2\/types\/product"}],"replies":[{"embeddable":true,"href":"https:\/\/tunap.cl\/index.php\/wp-json\/wp\/v2\/comments?post=1592"}],"wp:featuredmedia":[{"embeddable":true,"href":"https:\/\/tunap.cl\/index.php\/wp-json\/wp\/v2\/media\/1992"}],"wp:attachment":[{"href":"https:\/\/tunap.cl\/index.php\/wp-json\/wp\/v2\/media?parent=1592"}],"wp:term":[{"taxonomy":"product_brand","embeddable":true,"href":"https:\/\/tunap.cl\/index.php\/wp-json\/wp\/v2\/product_brand?post=1592"},{"taxonomy":"product_cat","embeddable":true,"href":"https:\/\/tunap.cl\/index.php\/wp-json\/wp\/v2\/product_cat?post=1592"},{"taxonomy":"product_tag","embeddable":true,"href":"https:\/\/tunap.cl\/index.php\/wp-json\/wp\/v2\/product_tag?post=1592"}],"curies":[{"name":"wp","href":"https:\/\/api.w.org\/{rel}","templated":true}]}}