{"id":1598,"date":"2021-06-13T02:11:55","date_gmt":"2021-06-13T02:11:55","guid":{"rendered":"https:\/\/tunap.cl\/?post_type=product&#038;p=1598"},"modified":"2025-02-08T14:51:52","modified_gmt":"2025-02-08T14:51:52","slug":"13400-valve-clean-system-2","status":"publish","type":"product","link":"https:\/\/tunap.cl\/index.php\/product\/13400-valve-clean-system-2\/","title":{"rendered":"13400 Valve Clean System"},"content":{"rendered":"<p>Herramienta especial de limpieza para las v\u00e1lvulas y sus canales adyacentes. Limpieza r\u00e1pida y suave<br \/>\ncon los materiales mediante el granulado especial para limpieza de v\u00e1lvulas MF933. Con la soluci\u00f3n<br \/>\nde neutralizaci\u00f3n MF 936, las part\u00edculas restantes del granulado se disuelven y no llegan a la c\u00e1mara<br \/>\nde combusti\u00f3n.<\/p>\n","protected":false},"excerpt":{"rendered":"<p>Propiedades<br \/>\n\u2714\u2714 Limpieza eficaz mediante el granulado espec\u00edfico para impurezas<br \/>\n\u2714\u2714 Grano especial: garantiza la calidad constante del producto<br \/>\n\u2714\u2714 Geometr\u00eda especial: sin desgaste ni da\u00f1o en la estructura de la superficie<br \/>\n\u2714\u2714 Aplicaci\u00f3n f\u00e1cil y segura con la soluci\u00f3n de neutralizaci\u00f3n 936 se pueden aclarar las<br \/>\npart\u00edculas restantes del granulado<br \/>\n\u2714\u2714 No es un producto peligroso<br \/>\n\u2714\u2714 Ninguna etiqueta de peligro (s\u00edmbolo o texto de peligro)<br \/>\n\u00c1rea de aplicaci\u00f3n<br \/>\n\u2714\u2714 Limpieza de v\u00e1lvulas<br \/>\nInstrucciones<br \/>\nCompruebe la informaci\u00f3n de servicio SI933 antes de la aplicaci\u00f3n.<\/p>\n","protected":false},"featured_media":2003,"comment_status":"open","ping_status":"closed","template":"","meta":[],"product_brand":[],"product_cat":[15],"product_tag":[41],"class_list":{"0":"post-1598","1":"product","2":"type-product","3":"status-publish","4":"has-post-thumbnail","6":"product_cat-uncategorized","7":"product_tag-limpieza-valvulas","9":"first","10":"outofstock","11":"shipping-taxable","12":"product-type-simple"},"_links":{"self":[{"href":"https:\/\/tunap.cl\/index.php\/wp-json\/wp\/v2\/product\/1598","targetHints":{"allow":["GET"]}}],"collection":[{"href":"https:\/\/tunap.cl\/index.php\/wp-json\/wp\/v2\/product"}],"about":[{"href":"https:\/\/tunap.cl\/index.php\/wp-json\/wp\/v2\/types\/product"}],"replies":[{"embeddable":true,"href":"https:\/\/tunap.cl\/index.php\/wp-json\/wp\/v2\/comments?post=1598"}],"wp:featuredmedia":[{"embeddable":true,"href":"https:\/\/tunap.cl\/index.php\/wp-json\/wp\/v2\/media\/2003"}],"wp:attachment":[{"href":"https:\/\/tunap.cl\/index.php\/wp-json\/wp\/v2\/media?parent=1598"}],"wp:term":[{"taxonomy":"product_brand","embeddable":true,"href":"https:\/\/tunap.cl\/index.php\/wp-json\/wp\/v2\/product_brand?post=1598"},{"taxonomy":"product_cat","embeddable":true,"href":"https:\/\/tunap.cl\/index.php\/wp-json\/wp\/v2\/product_cat?post=1598"},{"taxonomy":"product_tag","embeddable":true,"href":"https:\/\/tunap.cl\/index.php\/wp-json\/wp\/v2\/product_tag?post=1598"}],"curies":[{"name":"wp","href":"https:\/\/api.w.org\/{rel}","templated":true}]}}