{"id":1608,"date":"2021-07-18T00:30:04","date_gmt":"2021-07-18T00:30:04","guid":{"rendered":"https:\/\/tunap.cl\/?post_type=product&#038;p=1608"},"modified":"2024-12-16T15:00:11","modified_gmt":"2024-12-16T15:00:11","slug":"989-limpiador-de-inyectores-directo","status":"publish","type":"product","link":"https:\/\/tunap.cl\/index.php\/product\/989-limpiador-de-inyectores-directo\/","title":{"rendered":"989 Limpiador de inyectores directo"},"content":{"rendered":"<p>Elimina eficazmente los dep\u00f3sitos causados por el combustible de los inyectores con la tecnolog\u00eda<br \/>\nROA2. Usado en cada inspecci\u00f3n, el limpiador de inyectores directo ofrece un mayor rendimiento y<br \/>\nunas emisiones de gases de escape reducidas. Con la aplicaci\u00f3n en el dep\u00f3sito, el combustible se<br \/>\nmantiene conforme a la norma de combustible DIN EN 590.<\/p>\n","protected":false},"excerpt":{"rendered":"<p>Tecnolog\u00eda ROA2: La f\u00f3rmula de limpieza de eficiencia del motor para un<br \/>\nrendimiento mejorado<br \/>\n\u2714\u2714 Los dep\u00f3sitos del inyector se disuelven y se limpian<br \/>\n\u2714\u2714 Evita la nueva contaminaci\u00f3n<br \/>\n\u2714\u2714 Efecto de disoluci\u00f3n perfecto para todas las mezclas de (bio) di\u00e9sel<br \/>\n\u2714\u2714 ROA2 &#8211; Nivel 2: Perfecto para la contaminaci\u00f3n m\u00e1s resistente<br \/>\nPropiedades<br \/>\n\u2714\u2714 Revierte el consumo de combustible y los valores de gases de escape debidos a la<br \/>\ncontaminaci\u00f3n causada por el combustible a los niveles de un coche nuevo<br \/>\n\u2714\u2714 Mejora la combusti\u00f3n y reduce la emisi\u00f3n de part\u00edculas (Euro 6)<br \/>\n\u2714\u2714 El agente activo se activa y act\u00faa en la zona de inyecci\u00f3n y en la c\u00e1mara de combusti\u00f3n<br \/>\n\u2714\u2714 Indicado para todas las mezclas de (bio) di\u00e9sel<br \/>\n\u00c1rea de aplicaci\u00f3n<br \/>\n\u2714\u2714 Para todos los sistemas Common Rail e inyector bomba<br \/>\n\u2714\u2714 Para garantizar la calidad general del combustible<br \/>\n\u2714\u2714 Indicado para todas las mezclas de (bio) di\u00e9sel<br \/>\n\u2714\u2714 En caso de un funcionamiento inestable del motor o p\u00e9rdida de potencia<br \/>\nInstrucciones<br \/>\nVierta el limpiador de inyectores directo en el dep\u00f3sito. Utilice un tubo de llenado. Suficiente<br \/>\npara hasta 80 litros de combustible. Las peque\u00f1as cantidades de llenado mejoran la eficacia<br \/>\nde limpieza. Indicado para todas las mezclas de biodi\u00e9sel (EURO 6).<br \/>\nDosificaci\u00f3n<br \/>\nDebe aplicarse en la inspecci\u00f3n anual.<br \/>\n300 ml: suficiente para hasta 80 litros de combustible (m\u00edn. 10 l de combustible)<br \/>\n500 ml: suficiente para hasta 150 litros de combustible (m\u00edn. 20 l de combustible)<br \/>\n950 ml: suficiente para hasta 300 litros de combustible (m\u00edn. 30 l de combustible)<\/p>\n","protected":false},"featured_media":1609,"comment_status":"open","ping_status":"closed","template":"","meta":[],"product_brand":[],"product_cat":[15],"product_tag":[39],"class_list":{"0":"post-1608","1":"product","2":"type-product","3":"status-publish","4":"has-post-thumbnail","6":"product_cat-uncategorized","7":"product_tag-limpieza-inyectores","9":"first","10":"outofstock","11":"shipping-taxable","12":"purchasable","13":"product-type-simple"},"_links":{"self":[{"href":"https:\/\/tunap.cl\/index.php\/wp-json\/wp\/v2\/product\/1608","targetHints":{"allow":["GET"]}}],"collection":[{"href":"https:\/\/tunap.cl\/index.php\/wp-json\/wp\/v2\/product"}],"about":[{"href":"https:\/\/tunap.cl\/index.php\/wp-json\/wp\/v2\/types\/product"}],"replies":[{"embeddable":true,"href":"https:\/\/tunap.cl\/index.php\/wp-json\/wp\/v2\/comments?post=1608"}],"wp:featuredmedia":[{"embeddable":true,"href":"https:\/\/tunap.cl\/index.php\/wp-json\/wp\/v2\/media\/1609"}],"wp:attachment":[{"href":"https:\/\/tunap.cl\/index.php\/wp-json\/wp\/v2\/media?parent=1608"}],"wp:term":[{"taxonomy":"product_brand","embeddable":true,"href":"https:\/\/tunap.cl\/index.php\/wp-json\/wp\/v2\/product_brand?post=1608"},{"taxonomy":"product_cat","embeddable":true,"href":"https:\/\/tunap.cl\/index.php\/wp-json\/wp\/v2\/product_cat?post=1608"},{"taxonomy":"product_tag","embeddable":true,"href":"https:\/\/tunap.cl\/index.php\/wp-json\/wp\/v2\/product_tag?post=1608"}],"curies":[{"name":"wp","href":"https:\/\/api.w.org\/{rel}","templated":true}]}}