{"id":1737,"date":"2021-12-04T20:38:59","date_gmt":"2021-12-04T20:38:59","guid":{"rendered":"https:\/\/tunap.cl\/?post_type=product&#038;p=1737"},"modified":"2024-12-16T15:13:40","modified_gmt":"2024-12-16T15:13:40","slug":"137-limpiador-injecto-clean","status":"publish","type":"product","link":"https:\/\/tunap.cl\/index.php\/product\/137-limpiador-injecto-clean\/","title":{"rendered":"137 Limpiador Injecto Clean"},"content":{"rendered":"<p>Agente activo de limpieza directa totalmente sint\u00e9tico para todos los sistemas de gasolina e inyecci\u00f3n.<br \/>\nElimina los dep\u00f3sitos de barniz y otros dep\u00f3sitos, y garantiza una pulverizaci\u00f3n \u00f3ptima, un ralent\u00ed<br \/>\nsilencioso, pocas emisiones nocivas y un valor de consumo \u00f3ptimo.<\/p>\n","protected":false},"excerpt":{"rendered":"<p>Propiedades<br \/>\n\u2714 Limpieza directa de todo el sistema de inyecci\u00f3n<br \/>\n\u2714 Disuelve y elimina los dep\u00f3sitos de barniz y otros dep\u00f3sitos presentes en las v\u00e1lvulas de<br \/>\ninyecci\u00f3n, los inyectores y el sistema de combustible<br \/>\n\u2714 Excelente potencia de limpieza en la zona de las v\u00e1lvulas de admisi\u00f3n en motores de<br \/>\ninyecci\u00f3n indirecta<br \/>\n\u2714 Limpia la c\u00e1mara de combusti\u00f3n por completo<br \/>\n\u2714 Garantiza una pulverizaci\u00f3n uniforme, un ralent\u00ed silencioso y un consumo reducido de<br \/>\ncombustible<br \/>\n\u00c1rea de aplicaci\u00f3n<br \/>\n\u2714 Para limpiar los sistemas de inyecci\u00f3n de gasolina<br \/>\n\u2714 En caso de que la calidad del combustible sea insuficiente<br \/>\n\u2714 En caso de mal funcionamiento, por ejemplo, ralent\u00ed inestable<br \/>\n\u2714 En caso de un consumo elevado de combustible<br \/>\n\u2714 Antes de realizar ajustes y mediciones de escape<br \/>\n\u2714 Cuando la potencia del motor es insuficiente<br \/>\n\u2714 En caso de aver\u00edas en el sistema de inyecci\u00f3n causadas por la contaminaci\u00f3n<br \/>\nInstrucciones<br \/>\nConsulte la informaci\u00f3n de servicio SI 137 o SI 137IC.<\/p>\n","protected":false},"featured_media":1998,"comment_status":"open","ping_status":"closed","template":"","meta":[],"product_brand":[],"product_cat":[15],"product_tag":[39],"class_list":{"0":"post-1737","1":"product","2":"type-product","3":"status-publish","4":"has-post-thumbnail","6":"product_cat-uncategorized","7":"product_tag-limpieza-inyectores","9":"first","10":"instock","11":"shipping-taxable","12":"purchasable","13":"product-type-simple"},"_links":{"self":[{"href":"https:\/\/tunap.cl\/index.php\/wp-json\/wp\/v2\/product\/1737","targetHints":{"allow":["GET"]}}],"collection":[{"href":"https:\/\/tunap.cl\/index.php\/wp-json\/wp\/v2\/product"}],"about":[{"href":"https:\/\/tunap.cl\/index.php\/wp-json\/wp\/v2\/types\/product"}],"replies":[{"embeddable":true,"href":"https:\/\/tunap.cl\/index.php\/wp-json\/wp\/v2\/comments?post=1737"}],"wp:featuredmedia":[{"embeddable":true,"href":"https:\/\/tunap.cl\/index.php\/wp-json\/wp\/v2\/media\/1998"}],"wp:attachment":[{"href":"https:\/\/tunap.cl\/index.php\/wp-json\/wp\/v2\/media?parent=1737"}],"wp:term":[{"taxonomy":"product_brand","embeddable":true,"href":"https:\/\/tunap.cl\/index.php\/wp-json\/wp\/v2\/product_brand?post=1737"},{"taxonomy":"product_cat","embeddable":true,"href":"https:\/\/tunap.cl\/index.php\/wp-json\/wp\/v2\/product_cat?post=1737"},{"taxonomy":"product_tag","embeddable":true,"href":"https:\/\/tunap.cl\/index.php\/wp-json\/wp\/v2\/product_tag?post=1737"}],"curies":[{"name":"wp","href":"https:\/\/api.w.org\/{rel}","templated":true}]}}