{"id":178,"date":"2021-01-04T01:07:45","date_gmt":"2021-01-04T01:07:45","guid":{"rendered":"http:\/\/tunap.cl\/?post_type=product&#038;p=178"},"modified":"2024-12-16T14:35:40","modified_gmt":"2024-12-16T14:35:40","slug":"354-spray-para-componentes-electronicos","status":"publish","type":"product","link":"https:\/\/tunap.cl\/index.php\/product\/354-spray-para-componentes-electronicos\/","title":{"rendered":"354 Spray para componentes electr\u00f3nicos"},"content":{"rendered":"<p><strong>Limpiador y lubricante de contacto 2 en 1. L\u00edquido para sistema el\u00e9ctrico no higrosc\u00f3pico con disolvente de limpieza<\/strong><br \/>\n<strong>activa. Apto para usar en sistemas de alto voltaje de autom\u00f3viles. Neutro con pintura y agentes electroaislantes.<\/strong><br \/>\n<strong>Garantiza un flujo de corriente \u00f3ptimo e impide corrientes de fuga. Evita la oxidaci\u00f3n de los puntos de contacto.<\/strong><\/p>\n","protected":false},"excerpt":{"rendered":"<p><strong>Propiedades<\/strong><br \/>\n<strong>&#8211; Protecci\u00f3n para largos intervalos de todo el sistema el\u00e9ctrico<\/strong><br \/>\n<strong>&#8211; Elimina la humedad y protege contra esta y de la suciedad y la corrosi\u00f3n<\/strong><br \/>\n<strong>&#8211; Evita las corrientes de fuga, las descargas el\u00e9ctricas y las resistencias de contacto excesivas<\/strong><br \/>\n<strong>&#8211; Propiedades de protecci\u00f3n y aislamiento<\/strong><br \/>\n<strong>&#8211; Neutro con la pintura y los pl\u00e1sticos<\/strong><br \/>\n<strong>&#8211; Protege el cobre y los metales no ferrosos de la corrosi\u00f3n<\/strong><br \/>\n<strong>\u00c1rea de aplicaci\u00f3n<\/strong><br \/>\n<strong>&#8211; En caso de fallos de contacto<\/strong><br \/>\n<strong>&#8211; Despu\u00e9s de cada lavado del motor<\/strong><br \/>\n<strong>&#8211; Cuando se trabaja con el sistema el\u00e9ctrico<\/strong><br \/>\n<strong>Instrucciones<\/strong><br \/>\n<strong>Roc\u00ede los contactos o conexiones de cables. Despu\u00e9s del rociado, espere unos minutos a que la pel\u00edcula de<\/strong><br \/>\n<strong>protecci\u00f3n y lubricaci\u00f3n quede fija en los contactos. A continuaci\u00f3n, puede accionar los contactos o montar las<\/strong><br \/>\n<strong>conexiones.<\/strong><\/p>\n","protected":false},"featured_media":2014,"comment_status":"open","ping_status":"closed","template":"","meta":[],"product_brand":[],"product_cat":[15],"product_tag":[23],"class_list":{"0":"post-178","1":"product","2":"type-product","3":"status-publish","4":"has-post-thumbnail","6":"product_cat-uncategorized","7":"product_tag-electric","9":"first","10":"instock","11":"shipping-taxable","12":"purchasable","13":"product-type-simple"},"_links":{"self":[{"href":"https:\/\/tunap.cl\/index.php\/wp-json\/wp\/v2\/product\/178","targetHints":{"allow":["GET"]}}],"collection":[{"href":"https:\/\/tunap.cl\/index.php\/wp-json\/wp\/v2\/product"}],"about":[{"href":"https:\/\/tunap.cl\/index.php\/wp-json\/wp\/v2\/types\/product"}],"replies":[{"embeddable":true,"href":"https:\/\/tunap.cl\/index.php\/wp-json\/wp\/v2\/comments?post=178"}],"wp:featuredmedia":[{"embeddable":true,"href":"https:\/\/tunap.cl\/index.php\/wp-json\/wp\/v2\/media\/2014"}],"wp:attachment":[{"href":"https:\/\/tunap.cl\/index.php\/wp-json\/wp\/v2\/media?parent=178"}],"wp:term":[{"taxonomy":"product_brand","embeddable":true,"href":"https:\/\/tunap.cl\/index.php\/wp-json\/wp\/v2\/product_brand?post=178"},{"taxonomy":"product_cat","embeddable":true,"href":"https:\/\/tunap.cl\/index.php\/wp-json\/wp\/v2\/product_cat?post=178"},{"taxonomy":"product_tag","embeddable":true,"href":"https:\/\/tunap.cl\/index.php\/wp-json\/wp\/v2\/product_tag?post=178"}],"curies":[{"name":"wp","href":"https:\/\/api.w.org\/{rel}","templated":true}]}}