{"id":1860,"date":"2023-01-15T23:09:31","date_gmt":"2023-01-15T23:09:31","guid":{"rendered":"https:\/\/tunap.cl\/?post_type=product&#038;p=1860"},"modified":"2024-12-16T15:05:15","modified_gmt":"2024-12-16T15:05:15","slug":"13800-adaptador-de-regulacion","status":"publish","type":"product","link":"https:\/\/tunap.cl\/index.php\/product\/13800-adaptador-de-regulacion\/","title":{"rendered":"13800 Adaptador de regulaci\u00f3n"},"content":{"rendered":"<p>Herramienta especial para la limpieza de sistemas de combustible GLP, gasolina y di\u00e9sel.<\/p>\n","protected":false},"excerpt":{"rendered":"<p>Propiedades<br \/>\n\u2714 Sistema para limpiar los inyectores, la c\u00e1mara de combusti\u00f3n y las v\u00e1lvulas de admisi\u00f3n<br \/>\n\u2714 No se requieren grandes trabajos de montaje<br \/>\n\u2714 Se entrega en una caja de pl\u00e1stico de gran calidad<br \/>\n\u00c1rea de aplicaci\u00f3n<br \/>\n\u2714 Para limpiar sistemas di\u00e9sel con el limpiador de inyectores di\u00e9sel micrologic\u00ae PREMIUM<br \/>\n127<br \/>\n\u2714 Para limpiar sistemas GLP con el limpiador de inyectores y rampa micrologic\u00ae PREMIUM<br \/>\n136<br \/>\n\u2714 Para limpiar sistemas de inyecci\u00f3n de gasolina con el limpiador de c\u00e1mara de<br \/>\ncombusti\u00f3n, v\u00e1lvulas e inyectores micrologic\u00ae PREMIUM 137<\/p>\n","protected":false},"featured_media":1983,"comment_status":"open","ping_status":"closed","template":"","meta":[],"product_brand":[],"product_cat":[15],"product_tag":[18],"class_list":{"0":"post-1860","1":"product","2":"type-product","3":"status-publish","4":"has-post-thumbnail","6":"product_cat-uncategorized","7":"product_tag-fuelsystem","9":"first","10":"outofstock","11":"shipping-taxable","12":"purchasable","13":"product-type-simple"},"_links":{"self":[{"href":"https:\/\/tunap.cl\/index.php\/wp-json\/wp\/v2\/product\/1860","targetHints":{"allow":["GET"]}}],"collection":[{"href":"https:\/\/tunap.cl\/index.php\/wp-json\/wp\/v2\/product"}],"about":[{"href":"https:\/\/tunap.cl\/index.php\/wp-json\/wp\/v2\/types\/product"}],"replies":[{"embeddable":true,"href":"https:\/\/tunap.cl\/index.php\/wp-json\/wp\/v2\/comments?post=1860"}],"wp:featuredmedia":[{"embeddable":true,"href":"https:\/\/tunap.cl\/index.php\/wp-json\/wp\/v2\/media\/1983"}],"wp:attachment":[{"href":"https:\/\/tunap.cl\/index.php\/wp-json\/wp\/v2\/media?parent=1860"}],"wp:term":[{"taxonomy":"product_brand","embeddable":true,"href":"https:\/\/tunap.cl\/index.php\/wp-json\/wp\/v2\/product_brand?post=1860"},{"taxonomy":"product_cat","embeddable":true,"href":"https:\/\/tunap.cl\/index.php\/wp-json\/wp\/v2\/product_cat?post=1860"},{"taxonomy":"product_tag","embeddable":true,"href":"https:\/\/tunap.cl\/index.php\/wp-json\/wp\/v2\/product_tag?post=1860"}],"curies":[{"name":"wp","href":"https:\/\/api.w.org\/{rel}","templated":true}]}}