{"id":83,"date":"2020-12-21T23:03:37","date_gmt":"2020-12-21T23:03:37","guid":{"rendered":"http:\/\/tunap.cl\/?post_type=product&#038;p=83"},"modified":"2024-12-16T14:58:20","modified_gmt":"2024-12-16T14:58:20","slug":"173-agente-de-sistema-concentrado","status":"publish","type":"product","link":"https:\/\/tunap.cl\/index.php\/product\/173-agente-de-sistema-concentrado\/","title":{"rendered":"173 Agente de sistema concentrado"},"content":{"rendered":"<p><strong>Agente de sistema concentrado para todo tipo de motores de gasolina. La sustancia activa protege de los dep\u00f3sitos<\/strong><br \/>\n<strong>en todo el sistema de combustible y garantiza un consumo de combustible \u00f3ptimo, as\u00ed como valores bajos de<\/strong><br \/>\n<strong>emisiones nocivas.<\/strong><\/p>\n<p>&nbsp;<\/p>\n","protected":false},"excerpt":{"rendered":"<p><strong>&#8211; Limpia y protege las v\u00e1lvulas de admisi\u00f3n (en sistemas de inyecci\u00f3n indirecta), la c\u00e1mara de combusti\u00f3n<\/strong><br \/>\n<strong>e injectores mediante el efecto Clean Up<\/strong><br \/>\n<strong>&#8211; Evita los dep\u00f3sitos en la zona de inyecci\u00f3n mediante el efecto Keep Clean<\/strong><br \/>\n<strong>&#8211; Favorece el funcionamiento suave del motor, tambi\u00e9n cuando var\u00eda la calidad del combustible<\/strong><br \/>\n<strong>&#8211; Contiene antioxidantes modernos que retrasan el envejecimiento qu\u00edmico del combustible<\/strong><br \/>\n<strong>&#8211; El combustible se activa y act\u00faa en el sistema de inyecci\u00f3n y en la c\u00e1mara de combusti\u00f3n<\/strong><br \/>\n<strong>\u00c1rea de aplicaci\u00f3n<\/strong><br \/>\n<strong>&#8211; Para todos los motores de gasolina<\/strong><br \/>\n<strong>&#8211; Para garantizar la calidad general del combustible<\/strong><br \/>\n<strong>&#8211; En caso de especial desgaste del sistema de combustible, por ejemplo, debido a las condiciones<\/strong><br \/>\n<strong>climatol\u00f3gicas<\/strong><br \/>\n<strong>&#8211; Para eliminar problemas derivados de los dep\u00f3sitos presentes en el sistema de inyecci\u00f3n de combustible y<\/strong><br \/>\n<strong>en la c\u00e1mara de combusti\u00f3n<\/strong><br \/>\n<strong>&#8211; Despu\u00e9s de la limpieza intensiva de los inyectores<\/strong><br \/>\n<strong>Instrucciones<\/strong><br \/>\n<strong>A\u00f1ada el producto al dep\u00f3sito de combustible.<\/strong><br \/>\n<strong>Dosificaci\u00f3n<\/strong><br \/>\n<strong>Un bote es suficiente hasta para 60 litros.<\/strong><br \/>\n<strong>Aviso<\/strong><br \/>\n<strong>&#8211; El tubo se vende por separado<\/strong><\/p>\n","protected":false},"featured_media":1962,"comment_status":"open","ping_status":"closed","template":"","meta":[],"product_brand":[],"product_cat":[15],"product_tag":[18],"class_list":{"0":"post-83","1":"product","2":"type-product","3":"status-publish","4":"has-post-thumbnail","6":"product_cat-uncategorized","7":"product_tag-fuelsystem","9":"first","10":"instock","11":"shipping-taxable","12":"purchasable","13":"product-type-simple"},"_links":{"self":[{"href":"https:\/\/tunap.cl\/index.php\/wp-json\/wp\/v2\/product\/83","targetHints":{"allow":["GET"]}}],"collection":[{"href":"https:\/\/tunap.cl\/index.php\/wp-json\/wp\/v2\/product"}],"about":[{"href":"https:\/\/tunap.cl\/index.php\/wp-json\/wp\/v2\/types\/product"}],"replies":[{"embeddable":true,"href":"https:\/\/tunap.cl\/index.php\/wp-json\/wp\/v2\/comments?post=83"}],"wp:featuredmedia":[{"embeddable":true,"href":"https:\/\/tunap.cl\/index.php\/wp-json\/wp\/v2\/media\/1962"}],"wp:attachment":[{"href":"https:\/\/tunap.cl\/index.php\/wp-json\/wp\/v2\/media?parent=83"}],"wp:term":[{"taxonomy":"product_brand","embeddable":true,"href":"https:\/\/tunap.cl\/index.php\/wp-json\/wp\/v2\/product_brand?post=83"},{"taxonomy":"product_cat","embeddable":true,"href":"https:\/\/tunap.cl\/index.php\/wp-json\/wp\/v2\/product_cat?post=83"},{"taxonomy":"product_tag","embeddable":true,"href":"https:\/\/tunap.cl\/index.php\/wp-json\/wp\/v2\/product_tag?post=83"}],"curies":[{"name":"wp","href":"https:\/\/api.w.org\/{rel}","templated":true}]}}